{"id":1395,"date":"2018-09-28T21:03:58","date_gmt":"2018-09-28T20:03:58","guid":{"rendered":"http:\/\/www.intels.ee\/?page_id=1395"},"modified":"2018-09-29T01:29:38","modified_gmt":"2018-09-28T22:29:38","slug":"utility-models","status":"publish","type":"page","link":"https:\/\/www.intels.ee\/et\/utility-models","title":{"rendered":"Kasulikud mudelid"},"content":{"rendered":"<section class=\"vc_row wpb_row vc_row-fluid\"><div class=\"container\"><div class=\"row\"><div class=\"wpb_column vc_column_container vc_col-sm-12\"><div class=\"vc_column-inner\"><div class=\"wpb_wrapper\">\n\t<div class=\"wpb_text_column wpb_content_element\" >\n\t\t<div class=\"wpb_wrapper\">\n\t\t\t<ul>\n<li>\n<h5 style=\"text-align: left;\">N\u00f5ustamine<\/h5>\n<\/li>\n<li style=\"text-align: left;\">\n<h5>Otsingute teostamine varasemate \u00f5iguste osas<\/h5>\n<\/li>\n<li style=\"text-align: left;\">\n<h5>Strateegia v\u00e4ljat\u00f6\u00f6tamine, asjaajamine registreerimisel<\/h5>\n<\/li>\n<li style=\"text-align: left;\">\n<h5>Muudatuskannete teostamine<\/h5>\n<\/li>\n<li style=\"text-align: left;\">\n<h5>Registreeringute pikendamine<\/h5>\n<\/li>\n<li style=\"text-align: left;\">\n<h5>Lepingute koostamine<\/h5>\n<\/li>\n<li style=\"text-align: left;\">\n<h5>Litsentsilepingute koostamine<\/h5>\n<\/li>\n<li style=\"text-align: left;\">\n<h5>Esindamine vaidlustes ja l\u00e4bir\u00e4\u00e4kimistel<\/h5>\n<\/li>\n<li style=\"text-align: left;\">\n<h5>Esindamine \u00f5igusrikkumiste juhtudel<\/h5>\n<\/li>\n<li style=\"text-align: left;\">\n<h5>Esindamine Patendiametis, T\u00f6\u00f6stusomandi apellatsioonikomisjonis ja kohtus<\/h5>\n<\/li>\n<li>\n<h5 style=\"text-align: left;\">Teenuste osutamine \u00fclemaailmselt meie partnerite ja kolleegide vahendusel<\/h5>\n<\/li>\n<\/ul>\n\n\t\t<\/div>\n\t<\/div>\n<\/div><\/div><\/div><\/div><\/div><div class=\"clearfix\"><\/div><\/section>","protected":false},"excerpt":{"rendered":"Consulting Searches Prosecution &amp; Strategy Recordals Renewals Drafting agreements Licensing Disputes &amp; Litigation Enforcement Representation before Estonian Patent Office, Board of Appeal and courts Worldwide service with the help of our partners and colleagues in other countries","protected":false},"author":2,"featured_media":0,"parent":0,"menu_order":0,"comment_status":"closed","ping_status":"closed","template":"","meta":[],"_links":{"self":[{"href":"https:\/\/www.intels.ee\/et\/wp-json\/wp\/v2\/pages\/1395"}],"collection":[{"href":"https:\/\/www.intels.ee\/et\/wp-json\/wp\/v2\/pages"}],"about":[{"href":"https:\/\/www.intels.ee\/et\/wp-json\/wp\/v2\/types\/page"}],"author":[{"embeddable":true,"href":"https:\/\/www.intels.ee\/et\/wp-json\/wp\/v2\/users\/2"}],"replies":[{"embeddable":true,"href":"https:\/\/www.intels.ee\/et\/wp-json\/wp\/v2\/comments?post=1395"}],"version-history":[{"count":3,"href":"https:\/\/www.intels.ee\/et\/wp-json\/wp\/v2\/pages\/1395\/revisions"}],"predecessor-version":[{"id":1428,"href":"https:\/\/www.intels.ee\/et\/wp-json\/wp\/v2\/pages\/1395\/revisions\/1428"}],"wp:attachment":[{"href":"https:\/\/www.intels.ee\/et\/wp-json\/wp\/v2\/media?parent=1395"}],"curies":[{"name":"wp","href":"https:\/\/api.w.org\/{rel}","templated":true}]}}