{"id":1389,"date":"2018-09-28T21:03:28","date_gmt":"2018-09-28T20:03:28","guid":{"rendered":"http:\/\/www.intels.ee\/?page_id=1389"},"modified":"2018-11-16T21:29:27","modified_gmt":"2018-11-16T19:29:27","slug":"domain-names","status":"publish","type":"page","link":"https:\/\/www.intels.ee\/et\/domain-names","title":{"rendered":"Domeeninimed"},"content":{"rendered":"<section class=\"vc_row wpb_row vc_row-fluid\"><div class=\"container\"><div class=\"row\"><div class=\"wpb_column vc_column_container vc_col-sm-12\"><div class=\"vc_column-inner\"><div class=\"wpb_wrapper\">\n\t<div class=\"wpb_text_column wpb_content_element\" >\n\t\t<div class=\"wpb_wrapper\">\n\t\t\t<ul>\n<li>\n<h5 style=\"text-align: left;\">Otsingute teostamine varasemate \u00f5iguste osas<\/h5>\n<\/li>\n<li style=\"text-align: left;\">\n<h5>Registreerimine<\/h5>\n<\/li>\n<li style=\"text-align: left;\">\n<h5>Halduskontaktiks m\u00e4\u00e4ramine<\/h5>\n<\/li>\n<li style=\"text-align: left;\">\n<h5>Muudatuskannete teostamine<\/h5>\n<\/li>\n<li style=\"text-align: left;\">\n<h5>Registreeringute pikendamine<\/h5>\n<\/li>\n<li style=\"text-align: left;\">\n<h5>Lepingute koostamine<\/h5>\n<\/li>\n<li style=\"text-align: left;\">\n<h5>Esindamine vaidlustes ja l\u00e4bir\u00e4\u00e4kimistel<\/h5>\n<\/li>\n<li style=\"text-align: left;\">\n<h5>Esindamine kohtus<\/h5>\n<\/li>\n<li style=\"text-align: left;\">\n<h5>Esindamine Domeenivaidluste Komisjonis (.ee domeenivaidlused)<\/h5>\n<\/li>\n<li style=\"text-align: left;\">\n<h5>Esindamine T\u0161ehhi Arbitraa\u017eikohtus (.eu domeenivaidlused)<\/h5>\n<\/li>\n<li>\n<h5 style=\"text-align: left;\">Esindamine Maailma Intellektuaalomandi Organisatsioonis (WIPO) (nt .com domeenivaidlused)<\/h5>\n<\/li>\n<\/ul>\n\n\t\t<\/div>\n\t<\/div>\n<\/div><\/div><\/div><\/div><\/div><div class=\"clearfix\"><\/div><\/section>","protected":false},"excerpt":{"rendered":"Searches Registration Appointment as Administrative Contact Recordals Renewals Drafting agreements Disputes &amp; Litigation Representation before courts Representation before Estonian ADR Board under .ee Domain Name Rules Representation before Czech Arbitration Court (CAC) under .eu ADR Domain Name Rules Representation before WIPO Arbitration and Mediation Center under UDRP Rules","protected":false},"author":2,"featured_media":0,"parent":0,"menu_order":0,"comment_status":"closed","ping_status":"closed","template":"","meta":[],"_links":{"self":[{"href":"https:\/\/www.intels.ee\/et\/wp-json\/wp\/v2\/pages\/1389"}],"collection":[{"href":"https:\/\/www.intels.ee\/et\/wp-json\/wp\/v2\/pages"}],"about":[{"href":"https:\/\/www.intels.ee\/et\/wp-json\/wp\/v2\/types\/page"}],"author":[{"embeddable":true,"href":"https:\/\/www.intels.ee\/et\/wp-json\/wp\/v2\/users\/2"}],"replies":[{"embeddable":true,"href":"https:\/\/www.intels.ee\/et\/wp-json\/wp\/v2\/comments?post=1389"}],"version-history":[{"count":6,"href":"https:\/\/www.intels.ee\/et\/wp-json\/wp\/v2\/pages\/1389\/revisions"}],"predecessor-version":[{"id":1470,"href":"https:\/\/www.intels.ee\/et\/wp-json\/wp\/v2\/pages\/1389\/revisions\/1470"}],"wp:attachment":[{"href":"https:\/\/www.intels.ee\/et\/wp-json\/wp\/v2\/media?parent=1389"}],"curies":[{"name":"wp","href":"https:\/\/api.w.org\/{rel}","templated":true}]}}