{"id":1253,"date":"2018-09-13T17:24:00","date_gmt":"2018-09-13T16:24:00","guid":{"rendered":"http:\/\/www.intels.ee\/?page_id=1253"},"modified":"2019-05-17T10:22:29","modified_gmt":"2019-05-17T07:22:29","slug":"riina-parn","status":"publish","type":"page","link":"https:\/\/www.intels.ee\/et\/riina-parn","title":{"rendered":"RIINA P\u00c4RN"},"content":{"rendered":"<section class=\"vc_row wpb_row vc_row-fluid\"><div class=\"container\"><div class=\"row\"><div class=\"wpb_column vc_column_container vc_col-sm-4\"><div class=\"vc_column-inner\"><div class=\"wpb_wrapper\">\n\t<div  class=\"wpb_single_image wpb_content_element vc_align_left\">\n\t\t\n\t\t<figure class=\"wpb_wrapper vc_figure\">\n\t\t\t<div class=\"vc_single_image-wrapper   vc_box_border_grey\"><img width=\"600\" height=\"900\" src=\"https:\/\/www.intels.ee\/wp-content\/uploads\/2018\/12\/Riina_P\u00e4rn.jpg\" class=\"vc_single_image-img attachment-full\" alt=\"\" loading=\"lazy\" srcset=\"https:\/\/www.intels.ee\/wp-content\/uploads\/2018\/12\/Riina_P\u00e4rn.jpg 600w, https:\/\/www.intels.ee\/wp-content\/uploads\/2018\/12\/Riina_P\u00e4rn-200x300.jpg 200w\" sizes=\"(max-width: 600px) 100vw, 600px\" \/><\/div>\n\t\t<\/figure>\n\t<\/div>\n\n\t<div class=\"wpb_text_column wpb_content_element\" >\n\t\t<div class=\"wpb_wrapper\">\n\t\t\t<h3 class=\"vc_custom_heading color-theme personal-title\" style=\"text-align: left;\">Andmed<\/h3>\n<div class=\"wpb_wrapper\">\n<ul class=\"personal-information\">\n<li style=\"list-style-type: none;\">\n<ul class=\"personal-information\">\n<li style=\"text-align: left;\">Nimi: Riina P\u00e4rn<\/li>\n<\/ul>\n<\/li>\n<\/ul>\n<ul class=\"personal-information\">\n<li style=\"list-style-type: none;\">\n<ul class=\"personal-information\">\n<li style=\"text-align: left;\">Telefon: 742 0401<\/li>\n<\/ul>\n<\/li>\n<\/ul>\n<ul class=\"personal-information\">\n<li style=\"list-style-type: none;\">\n<ul class=\"personal-information\">\n<li style=\"text-align: left;\">E-post:\u00a0<a href=\"mailto:riina@intels.ee\" target=\"_blank\" rel=\"noopener\">riina@intels.ee<\/a><\/li>\n<\/ul>\n<\/li>\n<\/ul>\n<ul class=\"personal-information\">\n<li style=\"text-align: left;\">Keeled: eesti, inglise, vene<\/li>\n<\/ul>\n<\/div>\n\n\t\t<\/div>\n\t<\/div>\n<\/div><\/div><\/div><div class=\"wpb_column vc_column_container vc_col-sm-8\"><div class=\"vc_column-inner\"><div class=\"wpb_wrapper\">\n\t<div class=\"wpb_text_column wpb_content_element\" >\n\t\t<div class=\"wpb_wrapper\">\n\t\t\t<div style=\"padding: 0px 20px;\">\n<h3 class=\"vc_custom_heading color-theme\" style=\"text-align: left;\">Kvalifikatsioon<\/h3>\n<ul style=\"text-align: left;\">\n<li>Eesti ja Euroopa kaubam\u00e4rgivolinik<\/li>\n<li>Eesti ja Euroopa disainivolinik<\/li>\n<\/ul>\n<h3 class=\"vc_custom_heading color-theme\" style=\"text-align: left;\">Tegevusvaldkonnad<\/h3>\n<p style=\"text-align: left;\">Kaubam\u00e4rgid, disainid, domeeninimed, piraat- ja v\u00f5ltskaupadega seotud asjad, autori\u00f5igus, k\u00f5lvatu konkurents, geograafilised t\u00e4hised, kohtuvaidlused<\/p>\n<h3 class=\"vc_custom_heading color-theme\" style=\"text-align: left;\">Haridus<\/h3>\n<ul style=\"text-align: left;\">\n<li>Majandusteaduskond, Tartu \u00dclikool (1996)<\/li>\n<li>\u00d5igusteaduskond, Tartu \u00dclikool (2005)<\/li>\n<\/ul>\n<p style=\"text-align: left;\">(magistrikraadile vastavad kvalifikatsioonid, Vabariigi Valitsuse 6. juuni 2005. a m\u00e4\u00e4rus nr 120)<\/p>\n<h3 class=\"vc_custom_heading color-theme\" style=\"text-align: left;\">T\u00f6\u00f6kogemus<\/h3>\n<p style=\"text-align: left;\">T\u00f6\u00f6tanud INTELS Patendib\u00fcroo O\u00dc-s alates selle asutamisest 1993. aastal. Omandanud Eesti kaubam\u00e4rgivoliniku kutsekvalifikatsiooni, samuti Euroopa kaubam\u00e4rgi- ja disainivoliniku kvalifikatsiooni 2004. aastal. Omab laialdast ja pikaajalist kogemust eelk\u00f5ige kaubam\u00e4rkide ja domeeninimede \u00f5iguste kaitsel ja kohtuvaidlustes, nende registreerimisel ja strateegiate v\u00e4ljat\u00f6\u00f6tamisel, n\u00f5ustades ja esindades kliente Eesti Patendiametis, T\u00f6\u00f6stusomandi apellatsioonikomisjonis, Maksu- ja Tolliametis, kohtus; Euroopa ja rahvusvahelisel tasandil Euroopa Liidu Intellektuaalomandi Ametis (EUIPO) ja Maailma Intellektuaalomandi Organisatsioonis (WIPO). Ta on n\u00f5ustanud ja esindanud rahvusvahelisi suurkorporatsioone ning \u00fclemaailmselt tuntud kaubam\u00e4rkide omanikke. Ta kuulub domeenivaidluste kohtuv\u00e4liseks lahendamiseks moodustatud .ee Domeenivaidluste Komisjoni ning .eu domeenivaidluste lahendamiseks moodustatud T\u0161ehhi Arbitraa\u017eikohtu vastavasse koosseisu, olles lahendanud mitmeid .ee ja .eu domeeninimede vaidlusi.<\/p>\n<h3 class=\"vc_custom_heading color-theme\" style=\"text-align: left;\">Liikmelisus organisatsioonides<\/h3>\n<ul style=\"text-align: left;\">\n<li>European Communities Trademark Association (ECTA), n\u00f5ukogu liige, Harmoniseerimise komitee liige<\/li>\n<li>International Trademark Association (INTA)<\/li>\n<li>International Association for the Protection of Intellectual Property (AIPPI)<\/li>\n<li>Eesti Patendivolinike Selts<\/li>\n<li>Patendivolinike Koda<\/li>\n<\/ul>\n<h3 class=\"vc_custom_heading color-theme\" style=\"text-align: left;\">Tunnustused<\/h3>\n<ul>\n<li style=\"list-style-type: none\">\n<ul>\n<li style=\"text-align: left;\"><strong>World Trademark Review (WTR) 1000<\/strong> \u2013 The World\u2019s Leading Trademark Professionals. Recommended individual 2014, 2015, 2016, 2017, 2018, 2019.<\/li>\n<\/ul>\n<\/li>\n<\/ul>\n<ul>\n<li style=\"text-align: left;\"><strong>IP STAR<\/strong> \u2013 Managing Intellectual Property. World IP Survey 2014, 2016, 2017, 2018, 2019.<\/li>\n<li style=\"text-align: left;\"><strong>Best Lawyers<\/strong> 2017, 2018<\/li>\n<\/ul>\n<\/div>\n\n\t\t<\/div>\n\t<\/div>\n<\/div><\/div><\/div><\/div><\/div><div class=\"clearfix\"><\/div><\/section>","protected":false},"excerpt":{"rendered":"Personal Information Name : Riina P\u00e4rn Phone : +372 7 420 910 Email :\u00a0riina@intels.ee Languages : Estonian, English, Russian Qualifications Estonian and European Trademark Attorney Estonian and European Design Attorney Practice area Trademarks, designs,\u00a0domain names,\u00a0anti-counterfeiting, copyright, unfair competition, geographical indications, litigation Education University of Tartu, B.A., Economics (1996) University of Tartu, B.A., Law (2005) (Qualifications [...]","protected":false},"author":2,"featured_media":0,"parent":0,"menu_order":0,"comment_status":"closed","ping_status":"closed","template":"","meta":[],"_links":{"self":[{"href":"https:\/\/www.intels.ee\/et\/wp-json\/wp\/v2\/pages\/1253"}],"collection":[{"href":"https:\/\/www.intels.ee\/et\/wp-json\/wp\/v2\/pages"}],"about":[{"href":"https:\/\/www.intels.ee\/et\/wp-json\/wp\/v2\/types\/page"}],"author":[{"embeddable":true,"href":"https:\/\/www.intels.ee\/et\/wp-json\/wp\/v2\/users\/2"}],"replies":[{"embeddable":true,"href":"https:\/\/www.intels.ee\/et\/wp-json\/wp\/v2\/comments?post=1253"}],"version-history":[{"count":8,"href":"https:\/\/www.intels.ee\/et\/wp-json\/wp\/v2\/pages\/1253\/revisions"}],"predecessor-version":[{"id":2007,"href":"https:\/\/www.intels.ee\/et\/wp-json\/wp\/v2\/pages\/1253\/revisions\/2007"}],"wp:attachment":[{"href":"https:\/\/www.intels.ee\/et\/wp-json\/wp\/v2\/media?parent=1253"}],"curies":[{"name":"wp","href":"https:\/\/api.w.org\/{rel}","templated":true}]}}