{"id":1242,"date":"2018-09-13T16:38:26","date_gmt":"2018-09-13T15:38:26","guid":{"rendered":"http:\/\/www.intels.ee\/?page_id=1242"},"modified":"2019-05-16T22:06:08","modified_gmt":"2019-05-16T19:06:08","slug":"alla-hammalov","status":"publish","type":"page","link":"https:\/\/www.intels.ee\/et\/alla-hammalov","title":{"rendered":"ALLA H\u00c4MMALOV"},"content":{"rendered":"<section class=\"vc_row wpb_row vc_row-fluid\"><div class=\"container\"><div class=\"row\"><div class=\"wpb_column vc_column_container vc_col-sm-4\"><div class=\"vc_column-inner\"><div class=\"wpb_wrapper\">\n\t<div  class=\"wpb_single_image wpb_content_element vc_align_left\">\n\t\t\n\t\t<figure class=\"wpb_wrapper vc_figure\">\n\t\t\t<div class=\"vc_single_image-wrapper   vc_box_border_grey\"><img width=\"600\" height=\"900\" src=\"https:\/\/www.intels.ee\/wp-content\/uploads\/2018\/11\/Alla-H\u00e4mmalov.jpg\" class=\"vc_single_image-img attachment-full\" alt=\"\" loading=\"lazy\" srcset=\"https:\/\/www.intels.ee\/wp-content\/uploads\/2018\/11\/Alla-H\u00e4mmalov.jpg 600w, https:\/\/www.intels.ee\/wp-content\/uploads\/2018\/11\/Alla-H\u00e4mmalov-200x300.jpg 200w\" sizes=\"(max-width: 600px) 100vw, 600px\" \/><\/div>\n\t\t<\/figure>\n\t<\/div>\n\n\t<div class=\"wpb_text_column wpb_content_element\" >\n\t\t<div class=\"wpb_wrapper\">\n\t\t\t<h3 class=\"vc_custom_heading color-theme personal-title\" style=\"text-align: left;\">Andmed<\/h3>\n<div class=\"wpb_wrapper\">\n<ul class=\"personal-information\">\n<li style=\"list-style-type: none;\">\n<ul class=\"personal-information\">\n<li style=\"text-align: left;\">Nimi: Alla H\u00e4mmalov<\/li>\n<\/ul>\n<\/li>\n<\/ul>\n<ul class=\"personal-information\">\n<li style=\"list-style-type: none;\">\n<ul class=\"personal-information\">\n<li style=\"text-align: left;\">Amet: Juhatuse liige &amp; tegevdirektor<\/li>\n<\/ul>\n<\/li>\n<\/ul>\n<ul class=\"personal-information\">\n<li style=\"list-style-type: none;\">\n<ul class=\"personal-information\">\n<li style=\"text-align: left;\">Telefon: 742 0401<\/li>\n<\/ul>\n<\/li>\n<\/ul>\n<ul class=\"personal-information\">\n<li style=\"list-style-type: none;\">\n<ul class=\"personal-information\">\n<li style=\"text-align: left;\">E-post: alla@intels.ee<\/li>\n<\/ul>\n<\/li>\n<\/ul>\n<ul class=\"personal-information\">\n<li style=\"text-align: left;\">Keeled: vene, eesti, inglise<\/li>\n<\/ul>\n<\/div>\n\n\t\t<\/div>\n\t<\/div>\n<\/div><\/div><\/div><div class=\"wpb_column vc_column_container vc_col-sm-8\"><div class=\"vc_column-inner\"><div class=\"wpb_wrapper\">\n\t<div class=\"wpb_text_column wpb_content_element\" >\n\t\t<div class=\"wpb_wrapper\">\n\t\t\t<div style=\"padding: 0px 20px;\">\n<h3 class=\"vc_custom_heading color-theme\" style=\"text-align: left;\">Kvalifikatsioon<\/h3>\n<ul style=\"text-align: left;\">\n<li>Eesti ja Euroopa patendivolinik<\/li>\n<li>Eesti ja Euroopa kaubam\u00e4rgivolinik<\/li>\n<li>Eesti ja Euroopa disainivolinik<\/li>\n<\/ul>\n<h3 class=\"vc_custom_heading color-theme\" style=\"text-align: left;\">Tegevusvaldkonnad<\/h3>\n<p style=\"text-align: left;\">Leiutised, kaubam\u00e4rgid, disainid<\/p>\n<h3 class=\"vc_custom_heading color-theme\" style=\"text-align: left;\">Haridus<\/h3>\n<ul style=\"text-align: left;\">\n<li>F\u00fc\u00fcsika-keemiateaduskond, Tartu \u00dclikool (1969)<\/li>\n<li>Moskva Patendiinstituut (1980)<\/li>\n<\/ul>\n<h3 class=\"vc_custom_heading color-theme\" style=\"text-align: left;\">T\u00f6\u00f6kogemus<\/h3>\n<p style=\"text-align: left;\">INTELS Patendib\u00fcroo O\u00dc asutaja. Omandanud Eesti patendi- ja kaubam\u00e4rgivoliniku kutsekvalifikatsiooni 1992. aastal ning Euroopa patendi-, kaubam\u00e4rgi- ja disainivoliniku kvalifikatsiooni 2004. aastal. Enne INTELS Patendib\u00fcroo O\u00dc asutamist t\u00f6\u00f6tas aastatel 1969 \u2013 1991 Eesti NSV Teaduste Akadeemia F\u00fc\u00fcsika Instituudis, kus juhtis selle patendiosakonda 1978. aastast alates. Kogu oma ametialase tegevuse jooksul on p\u00fchendunud intellektuaalomandi valdkonna k\u00fcsimustele, millest peat\u00e4helepanu on koondanud t\u00f6\u00f6stusomandi \u00f5iguskaitsele Eestis.<\/p>\n<h3 class=\"vc_custom_heading color-theme\" style=\"text-align: left;\">Liikmelisus organisatsioonides<\/h3>\n<ul>\n<li style=\"list-style-type: none;\">\n<ul>\n<li style=\"text-align: left;\">European Communities Trademark Association (ECTA)<\/li>\n<\/ul>\n<\/li>\n<\/ul>\n<ul>\n<li style=\"list-style-type: none;\">\n<ul>\n<li style=\"text-align: left;\">International Trademark Association (INTA)<\/li>\n<\/ul>\n<\/li>\n<\/ul>\n<ul>\n<li style=\"list-style-type: none;\">\n<ul>\n<li style=\"text-align: left;\">International Association for the Protection of Intellectual Property (AIPPI)<\/li>\n<\/ul>\n<\/li>\n<\/ul>\n<ul>\n<li style=\"list-style-type: none;\">\n<ul>\n<li style=\"text-align: left;\">F\u00e9d\u00e9ration Internationale des Conseils en Propri\u00e9t\u00e9 Industrielle (FICPI)<\/li>\n<\/ul>\n<\/li>\n<\/ul>\n<ul>\n<li style=\"list-style-type: none;\">\n<ul>\n<li style=\"text-align: left;\">Licensing Executives Society International (LES)<\/li>\n<\/ul>\n<\/li>\n<\/ul>\n<ul>\n<li style=\"list-style-type: none;\">\n<ul>\n<li style=\"text-align: left;\">The Institute of Trade Mark Attorneys (ITMA)<\/li>\n<\/ul>\n<\/li>\n<\/ul>\n<ul>\n<li style=\"list-style-type: none;\">\n<ul>\n<li style=\"text-align: left;\">European Patent Institute (epi)<\/li>\n<\/ul>\n<\/li>\n<\/ul>\n<ul>\n<li style=\"list-style-type: none\">\n<ul>\n<li style=\"text-align: left;\">Eesti Patendivolinike Selts<\/li>\n<li style=\"text-align: left;\">Patendivolinike Koda<\/li>\n<\/ul>\n<\/li>\n<\/ul>\n<\/div>\n\n\t\t<\/div>\n\t<\/div>\n<\/div><\/div><\/div><\/div><\/div><div class=\"clearfix\"><\/div><\/section>","protected":false},"excerpt":{"rendered":"Personal Information Name : Alla H\u00e4mmalov Job : Partner &amp; CEO Phone : +372 7 420 401 Email : alla@intels.ee Languages : Russian, Estonian, English Qualifications Estonian and European Patent Attorney Estonian and European Trademark Attorney Estonian and European Design Attorney Practice area Inventions, trademarks, designs Education University of Tartu, Physics-Chemistry Faculty, M.Sc. (1969) Moscow [...]","protected":false},"author":2,"featured_media":0,"parent":0,"menu_order":0,"comment_status":"closed","ping_status":"closed","template":"","meta":[],"_links":{"self":[{"href":"https:\/\/www.intels.ee\/et\/wp-json\/wp\/v2\/pages\/1242"}],"collection":[{"href":"https:\/\/www.intels.ee\/et\/wp-json\/wp\/v2\/pages"}],"about":[{"href":"https:\/\/www.intels.ee\/et\/wp-json\/wp\/v2\/types\/page"}],"author":[{"embeddable":true,"href":"https:\/\/www.intels.ee\/et\/wp-json\/wp\/v2\/users\/2"}],"replies":[{"embeddable":true,"href":"https:\/\/www.intels.ee\/et\/wp-json\/wp\/v2\/comments?post=1242"}],"version-history":[{"count":11,"href":"https:\/\/www.intels.ee\/et\/wp-json\/wp\/v2\/pages\/1242\/revisions"}],"predecessor-version":[{"id":1992,"href":"https:\/\/www.intels.ee\/et\/wp-json\/wp\/v2\/pages\/1242\/revisions\/1992"}],"wp:attachment":[{"href":"https:\/\/www.intels.ee\/et\/wp-json\/wp\/v2\/media?parent=1242"}],"curies":[{"name":"wp","href":"https:\/\/api.w.org\/{rel}","templated":true}]}}