{"id":1163,"date":"2018-09-12T22:05:36","date_gmt":"2018-09-12T21:05:36","guid":{"rendered":"http:\/\/www.intels.ee\/?page_id=1163"},"modified":"2022-05-02T16:29:08","modified_gmt":"2022-05-02T13:29:08","slug":"home-landing-page-2","status":"publish","type":"page","link":"https:\/\/www.intels.ee\/et\/","title":{"rendered":"Home Landing Page"},"content":{"rendered":"<section id=\"home_id\" class=\"vc_row wpb_row vc_row-fluid vc_custom_1536845516340\"><div class=\"row\"><div class=\"wpb_column vc_column_container vc_col-sm-12\"><div class=\"vc_column-inner\"><div class=\"wpb_wrapper\"><div  class=\"vc_wp_text wpb_content_element banner_text\"><div class=\"widget widget_text\">\t\t\t<div class=\"textwidget\"><\/p>\n<div class=\"my_banner\" style=\"height: 80vh; width: 100%; background-size: cover; background: url('http:\/\/www.intels.ee\/wp-content\/uploads\/2018\/09\/94.jpg'); display: table; overflow: hidden;\">\n<div class=\"my_banner_overlay\" style=\"display: table-cell; vertical-align: middle; background: rgba(0,0,0,.5);\">\n<h3 style=\"text-align: center; width: 80%; margin-left: auto; margin-right: auto; color: #fff; font-size: 75px;\">25 aastat kogemust t\u00f6\u00f6stusomandi \u00f5iguskaitse vallas<\/h3>\n<\/div>\n<\/div>\n<p>\n<\/div>\n\t\t<\/div><\/div><div class=\"vc_empty_space\" id=\"about\"  style=\"height: 1px\" ><span class=\"vc_empty_space_inner\"><\/span><\/div>\n<\/div><\/div><\/div><\/div><div class=\"clearfix\"><\/div><\/section><section class=\"vc_row wpb_row vc_row-fluid vc_custom_1543506071150 vc_row-has-fill\"><div class=\"container\"><div class=\"row\"><div class=\"wpb_column vc_column_container vc_col-sm-12\"><div class=\"vc_column-inner\"><div class=\"wpb_wrapper\"><h3 style=\"text-align: center\" class=\"vc_custom_heading strong vc_custom_1543506329727\" >MEIST<\/h3>\n\t<div class=\"wpb_text_column wpb_content_element\" >\n\t\t<div class=\"wpb_wrapper\">\n\t\t\t<p>INTELS Patendib\u00fcroo O\u00dc on asutatud 1993. aastal, omades 25-aastast kogemust intellektuaalomandi \u00f5iguskaitse valdkonnas, sealjuures on meie p\u00f5hit\u00e4helepanu suunatud t\u00f6\u00f6stusomandi \u00f5iguskaitsele. Oleme n\u00f5ustanud ja esindanud \u00fclemaailmse mainega suurkorporatsioone.<\/p>\n<p>Pakume k\u00f5iki teenuseid seoses t\u00f6\u00f6stusomandi  \u00f5iguskaitse ja nendega seotud vaidlustega. N\u00f5ustame ja abistame kohalikke ja v\u00e4lismaiseid kliente k\u00f5igis t\u00f6\u00f6stusomandi valdkondades, sh kaubam\u00e4rkide, domeeninimede, disainide, geograafiliste t\u00e4histe, leiutiste (patendid ja kasulikud mudelid) \u00f5iguskaitsega seotud k\u00fcsimustes, sealjuures teostame varasemate \u00f5iguste otsinguid (nt vajalikud kliendi kaubam\u00e4rgi kasutamise v\u00e4ljaselgitamiseks), koostame lepingute projekte, tegeleme v\u00f5ltskaubaga ning esindame kliente haldusorganites ja kohtutes.<\/p>\n\n\t\t<\/div>\n\t<\/div>\n<\/div><\/div><\/div><\/div><\/div><div class=\"clearfix\"><\/div><\/section><section id=\"services_id\" class=\"vc_row wpb_row vc_row-fluid vc_custom_1542958808940 vc_row-has-fill vc_row-o-equal-height vc_row-flex\"><div class=\"container\"><div class=\"row\"><div class=\"service_block wpb_column vc_column_container vc_col-sm-4\" id=\"trademarks\"><div class=\"vc_column-inner\"><div class=\"wpb_wrapper\"><div \tclass=\"vc_icon_element vc_icon_element-outer vc_icon_element-align-center\">\n\t<div class=\"vc_icon_element-inner vc_icon_element-color-green vc_icon_element-size-md vc_icon_element-style- vc_icon_element-background-color-grey\">\n\t\t<span class=\"vc_icon_element-icon fa fa-handshake-o\" ><\/span><a class=\"vc_icon_element-link\" href=\"https:\/\/www.intels.ee\/et\/trademarks\/\"  title=\"\" target=\"_self\"><\/a><\/div>\n<\/div>\n\n\t<div class=\"wpb_text_column wpb_content_element\" >\n\t\t<div class=\"wpb_wrapper\">\n\t\t\t<div class=\"\" style=\"text-align: center;\">\n<div><\/div>\n<div>\n<h3>Kaubam\u00e4rgid<\/h3>\n<p>Pakume kaubam\u00e4rkide \u00f5iguskaitsega seotud k\u00f5iki teenuseid, sh tegeleme vaidlustega.<\/p>\n<p>Pakume Eesti, Euroopa Liidu ja rahvusvaheliste kaubam\u00e4rkidega seotud teenuseid, samuti kaubam\u00e4rkidele \u00f5iguskaitset \u00fclemaailmselt meie partnerite ja kolleegide kaudu.\n<\/p><\/div>\n<\/div>\n\n\t\t<\/div>\n\t<\/div>\n<\/div><\/div><\/div><div class=\"service_block wpb_column vc_column_container vc_col-sm-4\" id=\"designs\"><div class=\"vc_column-inner\"><div class=\"wpb_wrapper\"><div \tclass=\"vc_icon_element vc_icon_element-outer vc_icon_element-align-center\">\n\t<div class=\"vc_icon_element-inner vc_icon_element-color-green vc_icon_element-size-md vc_icon_element-style- vc_icon_element-background-color-grey\">\n\t\t<span class=\"vc_icon_element-icon fa fa-handshake-o\" ><\/span><a class=\"vc_icon_element-link\" href=\"https:\/\/www.intels.ee\/et\/designs\/\"  title=\"\" target=\"_self\"><\/a><\/div>\n<\/div>\n\n\t<div class=\"wpb_text_column wpb_content_element\" >\n\t\t<div class=\"wpb_wrapper\">\n\t\t\t<div class=\"\" style=\"text-align: center;\">\n<div><\/div>\n<div>\n<h3>Disainid<\/h3>\n<p>Pakume disainide \u00f5iguskaitsega seotud k\u00f5iki teenuseid, sh tegeleme vaidlustega.<\/p>\n<p>Pakume Eesti, Euroopa Liidu ja rahvusvaheliste disainidega seotud teenuseid, samuti disainide \u00f5iguskaitset \u00fclemaailmselt meie partnerite ja kolleegide kaudu.\n<\/p><\/div>\n<\/div>\n\n\t\t<\/div>\n\t<\/div>\n<\/div><\/div><\/div><div class=\"service_block wpb_column vc_column_container vc_col-sm-4\" id=\"domain-names\"><div class=\"vc_column-inner\"><div class=\"wpb_wrapper\"><div \tclass=\"vc_icon_element vc_icon_element-outer vc_icon_element-align-center\">\n\t<div class=\"vc_icon_element-inner vc_icon_element-color-green vc_icon_element-size-md vc_icon_element-style- vc_icon_element-background-color-grey\">\n\t\t<span class=\"vc_icon_element-icon fa fa-handshake-o\" ><\/span><a class=\"vc_icon_element-link\" href=\"https:\/\/www.intels.ee\/et\/domain-names\/\"  title=\"\" target=\"_self\"><\/a><\/div>\n<\/div>\n\n\t<div class=\"wpb_text_column wpb_content_element\" >\n\t\t<div class=\"wpb_wrapper\">\n\t\t\t<div class=\"\" style=\"text-align: center;\">\n<div><\/div>\n<div>\n<h3>Domeeninimed<\/h3>\n<p>Pakume domeeninimede registreerimise, pikendamise, muudatuskannete ja \u00f5iguskaitsega seotud teenuseid.<\/p>\n<p>Domeeninimesid tippdomeeni .ee alla registreeritakse akrediteeritud registripidajate vahendusel. Vaidlusi lahendatakse kohtuv\u00e4liselt, Domeenivaidluste Komisjonis v\u00f5i kohtus.\n<\/p><\/div>\n<\/div>\n\n\t\t<\/div>\n\t<\/div>\n<\/div><\/div><\/div><\/div><\/div><div class=\"clearfix\"><\/div><\/section><section class=\"vc_row wpb_row vc_row-fluid vc_custom_1538164361024 vc_row-has-fill vc_row-o-equal-height vc_row-o-content-top vc_row-flex\"><div class=\"container\"><div class=\"row\"><div class=\"service_block wpb_column vc_column_container vc_col-sm-4\" id=\"geographical-indications\"><div class=\"vc_column-inner\"><div class=\"wpb_wrapper\"><div \tclass=\"vc_icon_element vc_icon_element-outer vc_icon_element-align-center\">\n\t<div class=\"vc_icon_element-inner vc_icon_element-color-green vc_icon_element-size-md vc_icon_element-style- vc_icon_element-background-color-grey\">\n\t\t<span class=\"vc_icon_element-icon fa fa-handshake-o\" ><\/span><a class=\"vc_icon_element-link\" href=\"https:\/\/www.intels.ee\/et\/geographical-indications\/\"  title=\"\" target=\"_self\"><\/a><\/div>\n<\/div>\n\n\t<div class=\"wpb_text_column wpb_content_element\" >\n\t\t<div class=\"wpb_wrapper\">\n\t\t\t<div class=\"\" style=\"text-align: center;\">\n<div><\/div>\n<div>\n<h3>Geograafilised t\u00e4hised<\/h3>\n<p>Pakume geograafiliste t\u00e4histe \u00f5iguskaitsega seotud teenuseid, sh tegeleme vaidlustega.\n<\/p><\/div>\n<\/div>\n\n\t\t<\/div>\n\t<\/div>\n<\/div><\/div><\/div><div class=\"service_block wpb_column vc_column_container vc_col-sm-4\" id=\"patents\"><div class=\"vc_column-inner\"><div class=\"wpb_wrapper\"><div \tclass=\"vc_icon_element vc_icon_element-outer vc_icon_element-align-center\">\n\t<div class=\"vc_icon_element-inner vc_icon_element-color-green vc_icon_element-size-md vc_icon_element-style- vc_icon_element-background-color-grey\">\n\t\t<span class=\"vc_icon_element-icon fa fa-handshake-o\" ><\/span><a class=\"vc_icon_element-link\" href=\"https:\/\/www.intels.ee\/et\/patents\/\"  title=\"\" target=\"_self\"><\/a><\/div>\n<\/div>\n\n\t<div class=\"wpb_text_column wpb_content_element\" >\n\t\t<div class=\"wpb_wrapper\">\n\t\t\t<div class=\"\" style=\"text-align: center;\">\n<div><\/div>\n<div>\n<h3>Patendid<\/h3>\n<p>Pakume patentide \u00f5iguskaitsega seotud teenuseid, sh tegeleme vaidlustega.\n<\/p><\/div>\n<\/div>\n\n\t\t<\/div>\n\t<\/div>\n<\/div><\/div><\/div><div class=\"service_block wpb_column vc_column_container vc_col-sm-4\" id=\"utility-models\"><div class=\"vc_column-inner\"><div class=\"wpb_wrapper\"><div \tclass=\"vc_icon_element vc_icon_element-outer vc_icon_element-align-center\">\n\t<div class=\"vc_icon_element-inner vc_icon_element-color-green vc_icon_element-size-md vc_icon_element-style- vc_icon_element-background-color-grey\">\n\t\t<span class=\"vc_icon_element-icon fa fa-handshake-o\" ><\/span><a class=\"vc_icon_element-link\" href=\"https:\/\/www.intels.ee\/et\/utility-models\/\"  title=\"\" target=\"_self\"><\/a><\/div>\n<\/div>\n\n\t<div class=\"wpb_text_column wpb_content_element\" >\n\t\t<div class=\"wpb_wrapper\">\n\t\t\t<div class=\"\" style=\"text-align: center;\">\n<div><\/div>\n<div>\n<h3>Kasulikud mudelid<\/h3>\n<p>Pakume kasulike mudelite \u00f5iguskaitsega seotud teenuseid, sh tegeleme vaidlustega.\n<\/p><\/div>\n<\/div>\n\n\t\t<\/div>\n\t<\/div>\n<\/div><\/div><\/div><\/div><\/div><div class=\"clearfix\"><\/div><\/section><section id=\"team_id\" class=\"vc_row wpb_row vc_row-fluid vc_custom_1543321234897 vc_row-has-fill vc_row-o-equal-height vc_row-flex\"><div class=\"container\"><div class=\"row\"><div class=\"wpb_column vc_column_container vc_col-sm-12\"><div class=\"vc_column-inner\"><div class=\"wpb_wrapper\"><h3 style=\"text-align: center\" class=\"vc_custom_heading strong vc_custom_1536926404170\" >Volinikud<\/h3><\/div><\/div><\/div><div class=\"wpb_column vc_column_container vc_col-sm-6\"><div class=\"vc_column-inner\"><div class=\"wpb_wrapper\">\t\n\t\n\t<div class=\"team-item\">\n    \t<div class=\"team-item-img-container\">\n    \t\t<img src=\"https:\/\/www.intels.ee\/wp-content\/uploads\/2018\/11\/Alla-H\u00e4mmalov.jpg\" class=\"img-responsive\" alt=\"\">\n    \t\t<div class=\"overlay-1 hover-border-theme\">\n    \t\t\t<a href=\"https:\/\/www.intels.ee\/et\/alla-hammalov\/\">\n    \t\t\t\t<i class=\"fa fa-link hover-border-theme\"><\/i>\n    \t\t\t<\/a>\n    \t\t\t<a class=\"single-img-popup\" href=\"https:\/\/www.intels.ee\/wp-content\/uploads\/2018\/11\/Alla-H\u00e4mmalov.jpg\"><i class=\"fa fa-expand hover-border-theme\"><\/i><\/a>\n\t\t \t<\/div>\n    \t<\/div>\n    \t<h4 class=\"team-name\">ALLA H\u00c4MMALOV<\/h4>\n\n    \t<p class=\"team-job color-theme\">Juhatuse liige, tegevjuht<\/p>\n    \t<p class=\"team-info\"><\/p>\n<p style=\"text-align: center;\"><i class=\"fa fa-phone color-theme\"><\/i>\u00a0+372 7 420 401<\/p>\n<p style=\"text-align: center;\"><i class=\"fa fa-envelope-o color-theme\"><\/i>\u00a0alla@intels.ee<\/p>\n<p><\/p>\n    \t<div class=\"team-social-warp border-color-theme\">\n    \t\t\t\t\t\t\t\t\t\t\t    \t<\/div>\n    <\/div>\n\n<\/div><\/div><\/div><div class=\"wpb_column vc_column_container vc_col-sm-6\"><div class=\"vc_column-inner\"><div class=\"wpb_wrapper\">\t\n\t\n\t<div class=\"team-item\">\n    \t<div class=\"team-item-img-container\">\n    \t\t<img src=\"https:\/\/www.intels.ee\/wp-content\/uploads\/2018\/11\/Juhan-H\u00e4mmalov.jpg\" class=\"img-responsive\" alt=\"\">\n    \t\t<div class=\"overlay-1 hover-border-theme\">\n    \t\t\t<a href=\"https:\/\/www.intels.ee\/et\/juhan-hammalov\/\">\n    \t\t\t\t<i class=\"fa fa-link hover-border-theme\"><\/i>\n    \t\t\t<\/a>\n    \t\t\t<a class=\"single-img-popup\" href=\"https:\/\/www.intels.ee\/wp-content\/uploads\/2018\/11\/Juhan-H\u00e4mmalov.jpg\"><i class=\"fa fa-expand hover-border-theme\"><\/i><\/a>\n\t\t \t<\/div>\n    \t<\/div>\n    \t<h4 class=\"team-name\">JUHAN H\u00c4MMALOV<\/h4>\n\n    \t<p class=\"team-job color-theme\">Juhatuse liige<\/p>\n    \t<p class=\"team-info\"><\/p>\n<p style=\"text-align: center;\"><i class=\"fa fa-phone color-theme\"><\/i>\u00a0+372 7 420 401<\/p>\n<p style=\"text-align: center;\"><i class=\"fa fa-envelope-o color-theme\"><\/i>\u00a0juhan@intels.ee<\/p>\n<p><\/p>\n    \t<div class=\"team-social-warp border-color-theme\">\n    \t\t\t\t\t\t\t\t\t\t\t    \t<\/div>\n    <\/div>\n\n\n\t<div class=\"wpb_text_column wpb_content_element\" >\n\t\t<div class=\"wpb_wrapper\">\n\t\t\t<p><a style=\"display:none;\" href=\"https:\/\/www.swissreplica.is\/\">swiss replica watches<\/a><\/p>\n\n\t\t<\/div>\n\t<\/div>\n<\/div><\/div><\/div><\/div><\/div><div class=\"clearfix\"><\/div><\/section><section class=\"vc_row wpb_row vc_row-fluid vc_custom_1536928613093 vc_row-has-fill\"><div class=\"row\"><div class=\"wpb_column vc_column_container vc_col-sm-12\"><div class=\"vc_column-inner\"><div class=\"wpb_wrapper\"><h3 style=\"text-align: center\" class=\"vc_custom_heading strong vc_custom_1542398433914\" >Liikmelisus ametialastes organisatsioonides<\/h3>\t\n\t\t\t\t\t\t<div id=\"logos-69fdcd86677bd\" class=\"owl-carousel owl-theme owl-partner\">\n\t\t\t            <div class=\"item\">\n                <div class=\"partner-item\">\n                \t                \t\t<img src=\"https:\/\/www.intels.ee\/wp-content\/uploads\/2018\/09\/two.jpg\" alt=\"\">\n                \t                <\/div>\n            <\/div>\n                        <div class=\"item\">\n                <div class=\"partner-item\">\n                \t                \t\t<img src=\"https:\/\/www.intels.ee\/wp-content\/uploads\/2018\/09\/three.jpg\" alt=\"\">\n                \t                <\/div>\n            <\/div>\n                        <div class=\"item\">\n                <div class=\"partner-item\">\n                \t                \t\t<img src=\"https:\/\/www.intels.ee\/wp-content\/uploads\/2018\/09\/six.jpg\" alt=\"\">\n                \t                <\/div>\n            <\/div>\n                        <div class=\"item\">\n                <div class=\"partner-item\">\n                \t                \t\t<img src=\"https:\/\/www.intels.ee\/wp-content\/uploads\/2018\/09\/one.jpg\" alt=\"\">\n                \t                <\/div>\n            <\/div>\n                        <div class=\"item\">\n                <div class=\"partner-item\">\n                \t                \t\t<img src=\"https:\/\/www.intels.ee\/wp-content\/uploads\/2018\/09\/four.jpg\" alt=\"\">\n                \t                <\/div>\n            <\/div>\n                        <div class=\"item\">\n                <div class=\"partner-item\">\n                \t                \t\t<img src=\"https:\/\/www.intels.ee\/wp-content\/uploads\/2018\/09\/five.jpg\" alt=\"\">\n                \t                <\/div>\n            <\/div>\n                    <\/div>\n        \n\t\t<script>\n\t\t\t(function($) { \"use strict\";\t\n\n\t\t\t\tvar $logos = $( \"#logos-69fdcd86677bd\" );\n      \t\t\t$logos.owlCarousel({\n      \t\t\t\tautoPlay: true,\n      \t\t\t\titems : 5,\n      \t\t\t\titemsDesktop : [1200,5 - 1],\n      \t\t\t\titemsDesktopSmall     : [979,3],\n\t\t          \titemsTablet       : [768,2],\n\t\t          \titemsMobile       : [480,1],\n      \t\t\t\tpagination: false\n      \t\t\t});\n      \t\t\tvar logos2 = $(\"#logos-69fdcd86677bd\");\n\t\t        \/\/ Custom Navigation Events\n\n\t\t        $(\"body\").on(\"click\",\".next-partner\",function(event){\n\t\t          logos2.trigger(\"owl.next\");\n\t\t        });\n\t\t        $(\"body\").on(\"click\",\".prev-partner\",function(event){\n\t\t          logos2.trigger(\"owl.prev\");\n\t\t        });\n\n\t\t\t})(jQuery); \n\t\t<\/script>\n\n\n\t<div class=\"wpb_raw_code wpb_content_element wpb_raw_html\" >\n\t\t<div class=\"wpb_wrapper\">\n\t\t\t<style>\n\n.header-line {\nheight:0;\n}\n\n#home_id > row > .vc_column_container {\nmargin-top:-10px;\n}\n\n.banner_text .widget{\nmargin-bottom:0px !important;\n}\n\n<\/style>\n\t\t<\/div>\n\t<\/div>\n<\/div><\/div><\/div><\/div><div class=\"clearfix\"><\/div><\/section><section id=\"contact_id\" class=\"vc_row wpb_row vc_row-fluid vc_custom_1536965234728 vc_row-has-fill\"><div class=\"row\"><div class=\"wpb_column vc_column_container vc_col-sm-12\"><div class=\"vc_column-inner\"><div class=\"wpb_wrapper\"><h3 style=\"text-align: center\" class=\"vc_custom_heading strong vc_custom_1536962441225\" >Kontakt<\/h3><\/div><\/div><\/div><div class=\"wpb_column vc_column_container vc_col-sm-2\"><div class=\"vc_column-inner\"><div class=\"wpb_wrapper\"><\/div><\/div><\/div><div class=\"wpb_column vc_column_container vc_col-sm-8\"><div class=\"vc_column-inner\"><div class=\"wpb_wrapper\"><div role=\"form\" class=\"wpcf7\" id=\"wpcf7-f90-o1\" lang=\"en-US\" dir=\"ltr\">\n<div class=\"screen-reader-response\"><p role=\"status\" aria-live=\"polite\" aria-atomic=\"true\"><\/p> <ul><\/ul><\/div>\n<form action=\"\/et\/wp-json\/wp\/v2\/pages\/1163#wpcf7-f90-o1\" method=\"post\" class=\"wpcf7-form init\" novalidate=\"novalidate\" data-status=\"init\" data-trp-original-action=\"\/et\/wp-json\/wp\/v2\/pages\/1163#wpcf7-f90-o1\">\n<div style=\"display: none;\">\n<input type=\"hidden\" name=\"_wpcf7\" value=\"90\" \/>\n<input type=\"hidden\" name=\"_wpcf7_version\" value=\"5.6.3\" \/>\n<input type=\"hidden\" name=\"_wpcf7_locale\" value=\"en_US\" \/>\n<input type=\"hidden\" name=\"_wpcf7_unit_tag\" value=\"wpcf7-f90-o1\" \/>\n<input type=\"hidden\" name=\"_wpcf7_container_post\" value=\"0\" \/>\n<input type=\"hidden\" name=\"_wpcf7_posted_data_hash\" value=\"\" \/>\n<\/div>\n<div class=\"right-form-comment\">\n\t<span class=\"wpcf7-form-control-wrap\" data-name=\"your-message\"><textarea name=\"your-message\" cols=\"40\" rows=\"10\" class=\"wpcf7-form-control wpcf7-textarea form-control\" aria-invalid=\"false\" placeholder=\"Kirja sisu\"><\/textarea><\/span>\n<\/div>\n<div class=\"left-form-comment comment-form\">\n<div class=\"form-group\">\n\t\t<span class=\"wpcf7-form-control-wrap\" data-name=\"your-name\"><input type=\"text\" name=\"your-name\" value=\"\" size=\"40\" class=\"wpcf7-form-control wpcf7-text wpcf7-validates-as-required form-control\" aria-required=\"true\" aria-invalid=\"false\" placeholder=\"Nimi\" \/><\/span>\n\t<\/div>\n<div class=\"form-group\">\n\t\t<span class=\"wpcf7-form-control-wrap\" data-name=\"your-email\"><input type=\"email\" name=\"your-email\" value=\"\" size=\"40\" class=\"wpcf7-form-control wpcf7-text wpcf7-email wpcf7-validates-as-required wpcf7-validates-as-email form-control\" aria-required=\"true\" aria-invalid=\"false\" placeholder=\"Your Email\" \/><\/span>\n\t<\/div>\n<p>\t<input type=\"submit\" value=\"Saada\" class=\"wpcf7-form-control has-spinner wpcf7-submit ot-btn btn-main-color btn-rounded bg-theme text-up white-text\" \/>\n<\/p><\/div>\n<div class=\"wpcf7-response-output\" aria-hidden=\"true\"><\/div><input type=\"hidden\" name=\"trp-form-language\" value=\"et\"\/><\/form><\/div><\/div><\/div><\/div><div class=\"wpb_column vc_column_container vc_col-sm-2\"><div class=\"vc_column-inner\"><div class=\"wpb_wrapper\"><\/div><\/div><\/div><\/div><div class=\"clearfix\"><\/div><\/section>\n<div style=\"overflow:hidden;height:1px;\"><a href=\"https:\/\/unique-am.com\/\">unique casino retrait<\/a><\/div>\n<div style=\"overflow:hidden;height:1px;\"><a href=\"https:\/\/freenodeposit-spins.com\/200-free-spins\/\">$200 no deposit bonus 200 free spins<\/a><\/div>\n<div style=\"overflow:hidden;height:1px;\"><a href=\"https:\/\/mrbetcasino.org\/\">mister bet<\/a><\/div>\n<div style=\"overflow:hidden;height:1px;\"><a href=\"https:\/\/sizzling-hot-deluxe-slot.com\/20-free-no-deposit\/\">20 pound no deposit casino<\/a><\/div>\n<div style=\"overflow:hidden;height:1px;\"><a href=\"https:\/\/casinogratorama.org\/\">gratorama 7 euro gratis<\/a><\/div>\n<div style=\"overflow:hidden;height:1px;\"><a href=\"https:\/\/bookofra-play.com\/20-euro-bonus-ohne-einzahlung\/\">neue online casinos mit startguthaben ohne einzahlung<\/a><\/div>\n<div style=\"overflow:hidden;height:1px;\"><a href=\"https:\/\/top-casino-bonus-codes.com\/paddy-power-promo-codes\/\">paddy+power+promo+code<\/a><\/div>\n<div style=\"overflow:hidden;height:1px;\"><a href=\"https:\/\/e-passiongames.com\/\">play lightning link slot online free<\/a><\/div>\n<div style=\"overflow:hidden;height:1px;\"><a href=\"https:\/\/unique-casino.es\/\">unique casino opiniones<\/a><\/div>\n<div style=\"overflow:hidden;height:1px;\"><a href=\"https:\/\/machance-casino.org\/\">ma chance casino en ligne<\/a><\/div>","protected":false},"excerpt":{"rendered":"<p>unique casino retrait $200 no deposit bonus 200 free spins mister bet 20 pound no deposit casino gratorama 7 euro gratis neue online casinos mit startguthaben ohne einzahlung paddy+power+promo+code play lightning link slot online free unique casino opiniones ma chance casino en ligne<\/p>","protected":false},"author":2,"featured_media":0,"parent":0,"menu_order":0,"comment_status":"closed","ping_status":"closed","template":"page-templates\/template-canvas.php","meta":[],"_links":{"self":[{"href":"https:\/\/www.intels.ee\/et\/wp-json\/wp\/v2\/pages\/1163"}],"collection":[{"href":"https:\/\/www.intels.ee\/et\/wp-json\/wp\/v2\/pages"}],"about":[{"href":"https:\/\/www.intels.ee\/et\/wp-json\/wp\/v2\/types\/page"}],"author":[{"embeddable":true,"href":"https:\/\/www.intels.ee\/et\/wp-json\/wp\/v2\/users\/2"}],"replies":[{"embeddable":true,"href":"https:\/\/www.intels.ee\/et\/wp-json\/wp\/v2\/comments?post=1163"}],"version-history":[{"count":127,"href":"https:\/\/www.intels.ee\/et\/wp-json\/wp\/v2\/pages\/1163\/revisions"}],"predecessor-version":[{"id":5017,"href":"https:\/\/www.intels.ee\/et\/wp-json\/wp\/v2\/pages\/1163\/revisions\/5017"}],"wp:attachment":[{"href":"https:\/\/www.intels.ee\/et\/wp-json\/wp\/v2\/media?parent=1163"}],"curies":[{"name":"wp","href":"https:\/\/api.w.org\/{rel}","templated":true}]}}