{"id":1251,"date":"2018-09-13T17:18:50","date_gmt":"2018-09-13T16:18:50","guid":{"rendered":"http:\/\/www.intels.ee\/?page_id=1251"},"modified":"2019-05-16T22:28:49","modified_gmt":"2019-05-16T19:28:49","slug":"juhan-hammalov","status":"publish","type":"page","link":"https:\/\/www.intels.ee\/en\/juhan-hammalov","title":{"rendered":"JUHAN H\u00c4MMALOV"},"content":{"rendered":"<section class=\"vc_row wpb_row vc_row-fluid\"><div class=\"container\"><div class=\"row\"><div class=\"wpb_column vc_column_container vc_col-sm-4\"><div class=\"vc_column-inner\"><div class=\"wpb_wrapper\">\n\t<div  class=\"wpb_single_image wpb_content_element vc_align_left\">\n\t\t\n\t\t<figure class=\"wpb_wrapper vc_figure\">\n\t\t\t<div class=\"vc_single_image-wrapper   vc_box_border_grey\"><img width=\"600\" height=\"900\" src=\"https:\/\/www.intels.ee\/wp-content\/uploads\/2018\/11\/Juhan-H\u00e4mmalov.jpg\" class=\"vc_single_image-img attachment-full\" alt=\"\" loading=\"lazy\" srcset=\"https:\/\/www.intels.ee\/wp-content\/uploads\/2018\/11\/Juhan-H\u00e4mmalov.jpg 600w, https:\/\/www.intels.ee\/wp-content\/uploads\/2018\/11\/Juhan-H\u00e4mmalov-200x300.jpg 200w\" sizes=\"(max-width: 600px) 100vw, 600px\" \/><\/div>\n\t\t<\/figure>\n\t<\/div>\n\n\t<div class=\"wpb_text_column wpb_content_element \" >\n\t\t<div class=\"wpb_wrapper\">\n\t\t\t<h3 class=\"vc_custom_heading color-theme personal-title\" style=\"text-align: left;\">Personal Information<\/h3>\n<div class=\"wpb_wrapper\">\n<ul class=\"personal-information\">\n<li style=\"list-style-type: none;\">\n<ul class=\"personal-information\">\n<li style=\"text-align: left;\">Name : Juhan H\u00e4mmalov<\/li>\n<\/ul>\n<\/li>\n<\/ul>\n<ul class=\"personal-information\">\n<li style=\"list-style-type: none;\">\n<ul class=\"personal-information\">\n<li style=\"text-align: left;\">Job : Partner<\/li>\n<\/ul>\n<\/li>\n<\/ul>\n<ul class=\"personal-information\">\n<li style=\"list-style-type: none;\">\n<ul class=\"personal-information\">\n<li style=\"text-align: left;\">Phone : +372 7 420 401<\/li>\n<\/ul>\n<\/li>\n<\/ul>\n<ul class=\"personal-information\">\n<li style=\"list-style-type: none;\">\n<ul class=\"personal-information\">\n<li style=\"text-align: left;\">Email : <a href=\"mailto:juhan@intels.ee\" target=\"_blank\" rel=\"noopener\">juhan@intels.ee<\/a><\/li>\n<\/ul>\n<\/li>\n<\/ul>\n<ul class=\"personal-information\">\n<li style=\"text-align: left;\">Languages : Estonian, English, Russian, German<\/li>\n<\/ul>\n<\/div>\n\n\t\t<\/div>\n\t<\/div>\n<\/div><\/div><\/div><div class=\"wpb_column vc_column_container vc_col-sm-8\"><div class=\"vc_column-inner\"><div class=\"wpb_wrapper\">\n\t<div class=\"wpb_text_column wpb_content_element \" >\n\t\t<div class=\"wpb_wrapper\">\n\t\t\t<div style=\"padding: 0px 20px;\">\n<h3 class=\"vc_custom_heading color-theme\" style=\"text-align: left;\">Qualifications<\/h3>\n<ul style=\"text-align: left;\">\n<li>Estonian and European Patent Attorney<\/li>\n<li>Estonian and European Trademark Attorney<\/li>\n<li>Estonian and European Design Attorney<\/li>\n<\/ul>\n<h3 class=\"vc_custom_heading color-theme\" style=\"text-align: left;\">Practice area<\/h3>\n<p style=\"text-align: left;\">Patents, utility models,\u00a0trademarks, designs,\u00a0geographical indications, litigation<\/p>\n<h3 class=\"vc_custom_heading color-theme\" style=\"text-align: left;\">Education<\/h3>\n<ul style=\"text-align: left;\">\n<li>University of Tartu, Physics-Chemistry Faculty, M.Sc. (1970)<\/li>\n<li>Institute of Scientific Research in Metrology, St. Petersburg, Ph.D. (1989)<\/li>\n<\/ul>\n<h3 class=\"vc_custom_heading color-theme\" style=\"text-align: left;\">Experience<\/h3>\n<p style=\"text-align: left;\">Founding partner of INTELS Estonia. He was admitted as a qualified Estonian patent attorney in 2000, \u00a0Estonian trademark attorney in 2002, and as the European patent, trademark and design attorney in 2004. Before founding INTELS Estonia office, he worked as the scientist and lecturer for the University of Tartu, Department of Physics since 1970. He has extensive experience in advising clients on all aspects of IP protection. He has wide experience in patent prosecution, trademark enforcement and litigation, prosecution and strategy practices, assisting and representing clients\u00a0before the\u00a0Estonian Patent Office, Board of Appeal, court and EPO, and drafting the patent documents.<b>\u00a0<\/b><\/p>\n<h3 class=\"vc_custom_heading color-theme\" style=\"text-align: left;\">Membership in Professional Bodies<\/h3>\n<ul>\n<li style=\"list-style-type: none;\">\n<ul>\n<li style=\"text-align: left;\">International Trademark Association (INTA)<\/li>\n<\/ul>\n<\/li>\n<\/ul>\n<ul>\n<li style=\"list-style-type: none;\">\n<ul>\n<li style=\"text-align: left;\">International Association for the Protection of Intellectual Property (AIPPI)<\/li>\n<\/ul>\n<\/li>\n<\/ul>\n<ul>\n<li style=\"list-style-type: none;\">\n<ul>\n<li style=\"text-align: left;\">F\u00e9d\u00e9ration Internationale des Conseils en Propri\u00e9t\u00e9 Industrielle (FICPI)<\/li>\n<\/ul>\n<\/li>\n<\/ul>\n<ul>\n<li style=\"list-style-type: none;\">\n<ul>\n<li style=\"text-align: left;\">Licensing Executives Society International (LES)<\/li>\n<\/ul>\n<\/li>\n<\/ul>\n<ul>\n<li style=\"list-style-type: none;\">\n<ul>\n<li style=\"text-align: left;\">The Institute of Trade Mark Attorneys (ITMA)<\/li>\n<li style=\"text-align: left;\">European Patent Institute (epi)<\/li>\n<li style=\"text-align: left;\">Chamber of Estonian Patent Attorneys<\/li>\n<\/ul>\n<\/li>\n<\/ul>\n<\/div>\n\n\t\t<\/div>\n\t<\/div>\n<\/div><\/div><\/div><\/div><\/div><div class=\"clearfix\"><\/div><\/section>\n","protected":false},"excerpt":{"rendered":"Personal Information Name : Juhan H\u00e4mmalov Job : Partner Phone : +372 7 420 401 Email : juhan@intels.ee Languages : Estonian, English, Russian, German Qualifications Estonian and European Patent Attorney Estonian and European Trademark Attorney Estonian and European Design Attorney Practice area Patents, utility models,\u00a0trademarks, designs,\u00a0geographical indications, litigation Education University of Tartu, Physics-Chemistry Faculty, M.Sc. [...]","protected":false},"author":2,"featured_media":0,"parent":0,"menu_order":0,"comment_status":"closed","ping_status":"closed","template":"","meta":[],"_links":{"self":[{"href":"https:\/\/www.intels.ee\/en\/wp-json\/wp\/v2\/pages\/1251"}],"collection":[{"href":"https:\/\/www.intels.ee\/en\/wp-json\/wp\/v2\/pages"}],"about":[{"href":"https:\/\/www.intels.ee\/en\/wp-json\/wp\/v2\/types\/page"}],"author":[{"embeddable":true,"href":"https:\/\/www.intels.ee\/en\/wp-json\/wp\/v2\/users\/2"}],"replies":[{"embeddable":true,"href":"https:\/\/www.intels.ee\/en\/wp-json\/wp\/v2\/comments?post=1251"}],"version-history":[{"count":10,"href":"https:\/\/www.intels.ee\/en\/wp-json\/wp\/v2\/pages\/1251\/revisions"}],"predecessor-version":[{"id":2000,"href":"https:\/\/www.intels.ee\/en\/wp-json\/wp\/v2\/pages\/1251\/revisions\/2000"}],"wp:attachment":[{"href":"https:\/\/www.intels.ee\/en\/wp-json\/wp\/v2\/media?parent=1251"}],"curies":[{"name":"wp","href":"https:\/\/api.w.org\/{rel}","templated":true}]}}